{"id":1989,"date":"2019-06-25T17:40:56","date_gmt":"2019-06-25T16:40:56","guid":{"rendered":"https:\/\/www.mygreenexport.com\/arboles\/"},"modified":"2019-07-27T09:10:55","modified_gmt":"2019-07-27T08:10:55","slug":"arboles","status":"publish","type":"page","link":"https:\/\/www.mygreenexport.com\/es\/arboles\/","title":{"rendered":"\u00c1rboles"},"content":{"rendered":"<div class=\"wpb-content-wrapper\"><p>[vc_row equal_height=\u00bbyes\u00bb text_color=\u00bb__\u00bb heading_color=\u00bb__\u00bb link_color=\u00bb__\u00bb link_hover_color=\u00bb__\u00bb responsive_font_size=\u00bb0&#8243; css=\u00bb.vc_custom_1562231851226{margin-top: 10px !important;padding-bottom: 70px !important;}\u00bb][vc_column text_color=\u00bb__\u00bb heading_color=\u00bb__\u00bb link_color=\u00bb__\u00bb link_hover_color=\u00bb__\u00bb width=\u00bb1\/2&#8243; responsive_font_size=\u00bb0&#8243; css=\u00bb.vc_custom_1561480839552{margin-right: 0px !important;margin-left: 0px !important;padding-right: 0px !important;padding-left: 0px !important;}\u00bb][vc_images_carousel images=\u00bb1960,2301,1961,2303,1962,1963,2305,1964,1965,2307,1966&#8243; img_size=\u00bbfull\u00bb onclick=\u00bblink_no\u00bb autoplay=\u00bbyes\u00bb wrap=\u00bbyes\u00bb css=\u00bb.vc_custom_1564214266715{margin-right: 0px !important;margin-left: 0px !important;padding-right: 0px !important;padding-left: 0px !important;}\u00bb][\/vc_column][vc_column text_color=\u00bb__\u00bb heading_color=\u00bb__\u00bb link_color=\u00bb__\u00bb link_hover_color=\u00bb__\u00bb width=\u00bb1\/2&#8243; responsive_font_size=\u00bb0&#8243; css=\u00bb.vc_custom_1561979463497{padding-right: 50px !important;padding-left: 50px !important;background-color: #f4f4f4 !important;}\u00bb tablet_css=\u00bb.vc_custom_1561979463498{padding-right: 10px !important;padding-left: 10px !important;}\u00bb mobile_css=\u00bb.vc_custom_1561979463499{padding-right: 10px !important;padding-left: 10px !important;}\u00bb][cartana_shortcode_heading heading_title=\u00bbPARA TODAS LAS NECEIDADES\u00bb heading_title_size=\u00bb24&#8243; heading_text_align=\u00bbtext-center\u00bb heading_subtitle_enable=\u00bb0&#8243; heading_separator_enable=\u00bb1&#8243; heading_title_responsive_title_size=\u00bb0&#8243; css=\u00bb.vc_custom_1561647019143{margin-top: 30px !important;}\u00bb][vc_column_text]<br \/>\nGracias a nuestros productores especializados, podemos suministrar \u00e1rboles de alta calidad para diferentes climas y de varios tama\u00f1os:<\/p>\n<ul>\n<li>\u00e1rboles j\u00f3venes para viveros<\/li>\n<li>\u00e1rboles est\u00e1ndar<\/li>\n<li>\u00e1rboles \u201cpleached\u201d<\/li>\n<\/ul>\n<p>y incluso espec\u00edmenes para garden center y proyectos de paisajismo.<\/p>\n<p>La mayor\u00eda de nuestros \u00e1rboles se cultivan en macetas para asegurar el mejor enraizamiento en cualquier \u00e9poca del a\u00f1o. Adem\u00e1s , tambi\u00e9n los \u00e1rboles en cepell\u00f3n pueden estar disponibles en per\u00edodos espec\u00edficos del a\u00f1o.[\/vc_column_text][vc_btn title=\u00bbTodas las plantas\u00bb style=\u00bbflat\u00bb shape=\u00bbsquare\u00bb color=\u00bbgreen\u00bb size=\u00bblg\u00bb align=\u00bbcenter\u00bb i_icon_fontawesome=\u00bbfa fa-hand-pointer-o\u00bb button_block=\u00bbtrue\u00bb add_icon=\u00bbtrue\u00bb link=\u00bburl:https%3A%2F%2Fwww.mygreenexport.com%2Fes%2Ftodas-nuestras-plantas%2F|title:Todas%20nuestras%20plantas|target:%20_blank|\u00bb css=\u00bb.vc_custom_1564215052662{margin-top: 20px !important;}\u00bb][\/vc_column][\/vc_row][vc_row parallax=\u00bbcontent-moving\u00bb parallax_image=\u00bb1496&#8243; overlay_set=\u00bbshow_overlay_color\u00bb overlay_color=\u00bbrgba(2,2,2,0.22)\u00bb text_color=\u00bblight\u00bb heading_color=\u00bb__\u00bb link_color=\u00bb__\u00bb link_hover_color=\u00bb__\u00bb responsive_font_size=\u00bb0&#8243; el_class=\u00bbsection-contact-us\u00bb css=\u00bb.vc_custom_1561460189948{margin-bottom: 0px !important;padding-bottom: 55px !important;background-color: #147a4a !important;background-position: center;background-repeat: no-repeat !important;background-size: cover !important;}\u00bb tablet_css=\u00bb.vc_custom_1561460189949{padding-bottom: 60px !important;}\u00bb mobile_css=\u00bb.vc_custom_1561460189949{padding-bottom: 60px !important;}\u00bb][vc_column][vc_empty_space height=\u00bb60px\u00bb el_class=\u00bb__vertical-line\u00bb][cartana_shortcode_heading heading_title=\u00bbQUIERES M\u00c1S INFORMACI\u00d3N\u00bb heading_el_tag=\u00bbh5&#8243; heading_title_size=\u00bb18&#8243; heading_text_align=\u00bbtext-center\u00bb heading_text_fw=\u00bbfw-semibold\u00bb heading_subtitle_enable=\u00bb0&#8243; heading_separator_enable=\u00bb0&#8243; heading_title_responsive_title_size=\u00bb0&#8243; css=\u00bb.vc_custom_1561647177141{margin-bottom: 5px !important;padding-top: 20px !important;}\u00bb][cartana_shortcode_heading heading_title=\u00bbCONT\u00c1CTENOS AHORA SIN COMPROMISO\u00bb heading_el_tag=\u00bbh4&#8243; heading_title_size=\u00bbcustom\u00bb heading_title_custom_size=\u00bb26&#8243; heading_text_align=\u00bbtext-center\u00bb heading_title_ff=\u00bbp-font\u00bb heading_text_fw=\u00bbfw-bold\u00bb heading_subtitle_enable=\u00bb0&#8243; heading_separator_enable=\u00bb0&#8243; heading_title_responsive_title_size=\u00bb0&#8243;][cartana_shortcode_button btn_text=\u00bbCONTACTOS\u00bb btn_link=\u00bburl:%2Fes%2Fcontactos|title:Contactos||\u00bb btn_ff=\u00bbp-font\u00bb btn_style=\u00bbbtn-style-border-2&#8243; btn_shape=\u00bbbtn-shape-rounded-2&#8243; btn_custom_size=\u00bb13px\u00bb btn_custom_width=\u00bb170px\u00bb btn_alignment=\u00bbtext-center\u00bb btn_bgc=\u00bbtransparent\u00bb btn_border_color=\u00bblight\u00bb btn_text_hover_color=\u00bb__\u00bb btn_bgc_hover_color=\u00bbp\u00bb btn_border_hover_color=\u00bbp\u00bb btn_add_icon=\u00bb0&#8243;][\/vc_column][\/vc_row]<\/p>\n<\/div>","protected":false},"excerpt":{"rendered":"<p>[vc_row equal_height=\u00bbyes\u00bb text_color=\u00bb__\u00bb heading_color=\u00bb__\u00bb link_color=\u00bb__\u00bb link_hover_color=\u00bb__\u00bb responsive_font_size=\u00bb0&#8243; css=\u00bb.vc_custom_1562231851226{margin-top: 10px !important;padding-bottom: 70px !important;}\u00bb][vc_column text_color=\u00bb__\u00bb heading_color=\u00bb__\u00bb link_color=\u00bb__\u00bb link_hover_color=\u00bb__\u00bb width=\u00bb1\/2&#8243; responsive_font_size=\u00bb0&#8243; css=\u00bb.vc_custom_1561480839552{margin-right: 0px !important;margin-left: 0px !important;padding-right: 0px !important;padding-left: 0px !important;}\u00bb][vc_images_carousel images=\u00bb1960,2301,1961,2303,1962,1963,2305,1964,1965,2307,1966&#8243; img_size=\u00bbfull\u00bb onclick=\u00bblink_no\u00bb autoplay=\u00bbyes\u00bb wrap=\u00bbyes\u00bb&#8230;<\/p>\n","protected":false},"author":1,"featured_media":0,"parent":0,"menu_order":0,"comment_status":"closed","ping_status":"closed","template":"","meta":{"footnotes":""},"yoast_head":"<!-- This site is optimized with the Yoast SEO plugin v22.0 - https:\/\/yoast.com\/wordpress\/plugins\/seo\/ -->\n<title>\u00c1rboles | Green Export Italy - Plants, Trees and more<\/title>\n<meta name=\"robots\" content=\"index, follow, max-snippet:-1, max-image-preview:large, max-video-preview:-1\" \/>\n<link rel=\"canonical\" href=\"https:\/\/www.mygreenexport.com\/es\/arboles\/\" \/>\n<meta property=\"og:locale\" content=\"es_ES\" \/>\n<meta property=\"og:type\" content=\"article\" \/>\n<meta property=\"og:title\" content=\"\u00c1rboles | Green Export Italy - Plants, Trees and more\" \/>\n<meta property=\"og:description\" content=\"[vc_row equal_height=\u00bbyes\u00bb text_color=\u00bb__\u00bb heading_color=\u00bb__\u00bb link_color=\u00bb__\u00bb link_hover_color=\u00bb__\u00bb responsive_font_size=\u00bb0&#8243; css=\u00bb.vc_custom_1562231851226{margin-top: 10px !important;padding-bottom: 70px !important;}\u00bb][vc_column text_color=\u00bb__\u00bb heading_color=\u00bb__\u00bb link_color=\u00bb__\u00bb link_hover_color=\u00bb__\u00bb width=\u00bb1\/2&#8243; responsive_font_size=\u00bb0&#8243; css=\u00bb.vc_custom_1561480839552{margin-right: 0px !important;margin-left: 0px !important;padding-right: 0px !important;padding-left: 0px !important;}\u00bb][vc_images_carousel images=\u00bb1960,2301,1961,2303,1962,1963,2305,1964,1965,2307,1966&#8243; img_size=\u00bbfull\u00bb onclick=\u00bblink_no\u00bb autoplay=\u00bbyes\u00bb wrap=\u00bbyes\u00bb...\" \/>\n<meta property=\"og:url\" content=\"https:\/\/www.mygreenexport.com\/es\/arboles\/\" \/>\n<meta property=\"og:site_name\" content=\"Green Export Italy - Plants, Trees and more\" \/>\n<meta property=\"article:publisher\" content=\"https:\/\/www.facebook.com\/greenexport.barbarabelvito\/\" \/>\n<meta property=\"article:modified_time\" content=\"2019-07-27T08:10:55+00:00\" \/>\n<meta property=\"og:image\" content=\"https:\/\/www.mygreenexport.com\/wp-content\/uploads\/2019\/07\/barbara-belvito-ceo-green-export-monopoli-italy-2.jpg\" \/>\n\t<meta property=\"og:image:width\" content=\"1900\" \/>\n\t<meta property=\"og:image:height\" content=\"1600\" \/>\n\t<meta property=\"og:image:type\" content=\"image\/jpeg\" \/>\n<meta name=\"twitter:card\" content=\"summary_large_image\" \/>\n<meta name=\"twitter:label1\" content=\"Tiempo de lectura\" \/>\n\t<meta name=\"twitter:data1\" content=\"3 minutos\" \/>\n<script type=\"application\/ld+json\" class=\"yoast-schema-graph\">{\"@context\":\"https:\/\/schema.org\",\"@graph\":[{\"@type\":\"WebPage\",\"@id\":\"https:\/\/www.mygreenexport.com\/es\/arboles\/\",\"url\":\"https:\/\/www.mygreenexport.com\/es\/arboles\/\",\"name\":\"\u00c1rboles | Green Export Italy - Plants, Trees and more\",\"isPartOf\":{\"@id\":\"https:\/\/www.mygreenexport.com\/es\/#website\"},\"datePublished\":\"2019-06-25T16:40:56+00:00\",\"dateModified\":\"2019-07-27T08:10:55+00:00\",\"breadcrumb\":{\"@id\":\"https:\/\/www.mygreenexport.com\/es\/arboles\/#breadcrumb\"},\"inLanguage\":\"es\",\"potentialAction\":[{\"@type\":\"ReadAction\",\"target\":[\"https:\/\/www.mygreenexport.com\/es\/arboles\/\"]}]},{\"@type\":\"BreadcrumbList\",\"@id\":\"https:\/\/www.mygreenexport.com\/es\/arboles\/#breadcrumb\",\"itemListElement\":[{\"@type\":\"ListItem\",\"position\":1,\"name\":\"Home\",\"item\":\"https:\/\/www.mygreenexport.com\/es\/\"},{\"@type\":\"ListItem\",\"position\":2,\"name\":\"\u00c1rboles\"}]},{\"@type\":\"WebSite\",\"@id\":\"https:\/\/www.mygreenexport.com\/es\/#website\",\"url\":\"https:\/\/www.mygreenexport.com\/es\/\",\"name\":\"Green Export Italy - Plants, Trees and more\",\"description\":\"Export of Plants, Flowers and Trees in the world\",\"publisher\":{\"@id\":\"https:\/\/www.mygreenexport.com\/es\/#organization\"},\"potentialAction\":[{\"@type\":\"SearchAction\",\"target\":{\"@type\":\"EntryPoint\",\"urlTemplate\":\"https:\/\/www.mygreenexport.com\/es\/?s={search_term_string}\"},\"query-input\":\"required name=search_term_string\"}],\"inLanguage\":\"es\"},{\"@type\":\"Organization\",\"@id\":\"https:\/\/www.mygreenexport.com\/es\/#organization\",\"name\":\"Green Export di Barbara Belvito\",\"url\":\"https:\/\/www.mygreenexport.com\/es\/\",\"logo\":{\"@type\":\"ImageObject\",\"inLanguage\":\"es\",\"@id\":\"https:\/\/www.mygreenexport.com\/es\/#\/schema\/logo\/image\/\",\"url\":\"https:\/\/www.mygreenexport.com\/wp-content\/uploads\/2019\/05\/logo-greenexport-barbara-belvito-completo-orizzontale_2.png\",\"contentUrl\":\"https:\/\/www.mygreenexport.com\/wp-content\/uploads\/2019\/05\/logo-greenexport-barbara-belvito-completo-orizzontale_2.png\",\"width\":1250,\"height\":280,\"caption\":\"Green Export di Barbara Belvito\"},\"image\":{\"@id\":\"https:\/\/www.mygreenexport.com\/es\/#\/schema\/logo\/image\/\"},\"sameAs\":[\"https:\/\/www.facebook.com\/greenexport.barbarabelvito\/\",\"https:\/\/www.instagram.com\/barbarab_greenexport\"]}]}<\/script>\n<!-- \/ Yoast SEO plugin. -->","yoast_head_json":{"title":"\u00c1rboles | Green Export Italy - Plants, Trees and more","robots":{"index":"index","follow":"follow","max-snippet":"max-snippet:-1","max-image-preview":"max-image-preview:large","max-video-preview":"max-video-preview:-1"},"canonical":"https:\/\/www.mygreenexport.com\/es\/arboles\/","og_locale":"es_ES","og_type":"article","og_title":"\u00c1rboles | Green Export Italy - Plants, Trees and more","og_description":"[vc_row equal_height=\u00bbyes\u00bb text_color=\u00bb__\u00bb heading_color=\u00bb__\u00bb link_color=\u00bb__\u00bb link_hover_color=\u00bb__\u00bb responsive_font_size=\u00bb0&#8243; css=\u00bb.vc_custom_1562231851226{margin-top: 10px !important;padding-bottom: 70px !important;}\u00bb][vc_column text_color=\u00bb__\u00bb heading_color=\u00bb__\u00bb link_color=\u00bb__\u00bb link_hover_color=\u00bb__\u00bb width=\u00bb1\/2&#8243; responsive_font_size=\u00bb0&#8243; css=\u00bb.vc_custom_1561480839552{margin-right: 0px !important;margin-left: 0px !important;padding-right: 0px !important;padding-left: 0px !important;}\u00bb][vc_images_carousel images=\u00bb1960,2301,1961,2303,1962,1963,2305,1964,1965,2307,1966&#8243; img_size=\u00bbfull\u00bb onclick=\u00bblink_no\u00bb autoplay=\u00bbyes\u00bb wrap=\u00bbyes\u00bb...","og_url":"https:\/\/www.mygreenexport.com\/es\/arboles\/","og_site_name":"Green Export Italy - Plants, Trees and more","article_publisher":"https:\/\/www.facebook.com\/greenexport.barbarabelvito\/","article_modified_time":"2019-07-27T08:10:55+00:00","og_image":[{"width":1900,"height":1600,"url":"https:\/\/www.mygreenexport.com\/wp-content\/uploads\/2019\/07\/barbara-belvito-ceo-green-export-monopoli-italy-2.jpg","type":"image\/jpeg"}],"twitter_card":"summary_large_image","twitter_misc":{"Tiempo de lectura":"3 minutos"},"schema":{"@context":"https:\/\/schema.org","@graph":[{"@type":"WebPage","@id":"https:\/\/www.mygreenexport.com\/es\/arboles\/","url":"https:\/\/www.mygreenexport.com\/es\/arboles\/","name":"\u00c1rboles | Green Export Italy - Plants, Trees and more","isPartOf":{"@id":"https:\/\/www.mygreenexport.com\/es\/#website"},"datePublished":"2019-06-25T16:40:56+00:00","dateModified":"2019-07-27T08:10:55+00:00","breadcrumb":{"@id":"https:\/\/www.mygreenexport.com\/es\/arboles\/#breadcrumb"},"inLanguage":"es","potentialAction":[{"@type":"ReadAction","target":["https:\/\/www.mygreenexport.com\/es\/arboles\/"]}]},{"@type":"BreadcrumbList","@id":"https:\/\/www.mygreenexport.com\/es\/arboles\/#breadcrumb","itemListElement":[{"@type":"ListItem","position":1,"name":"Home","item":"https:\/\/www.mygreenexport.com\/es\/"},{"@type":"ListItem","position":2,"name":"\u00c1rboles"}]},{"@type":"WebSite","@id":"https:\/\/www.mygreenexport.com\/es\/#website","url":"https:\/\/www.mygreenexport.com\/es\/","name":"Green Export Italy - Plants, Trees and more","description":"Export of Plants, Flowers and Trees in the world","publisher":{"@id":"https:\/\/www.mygreenexport.com\/es\/#organization"},"potentialAction":[{"@type":"SearchAction","target":{"@type":"EntryPoint","urlTemplate":"https:\/\/www.mygreenexport.com\/es\/?s={search_term_string}"},"query-input":"required name=search_term_string"}],"inLanguage":"es"},{"@type":"Organization","@id":"https:\/\/www.mygreenexport.com\/es\/#organization","name":"Green Export di Barbara Belvito","url":"https:\/\/www.mygreenexport.com\/es\/","logo":{"@type":"ImageObject","inLanguage":"es","@id":"https:\/\/www.mygreenexport.com\/es\/#\/schema\/logo\/image\/","url":"https:\/\/www.mygreenexport.com\/wp-content\/uploads\/2019\/05\/logo-greenexport-barbara-belvito-completo-orizzontale_2.png","contentUrl":"https:\/\/www.mygreenexport.com\/wp-content\/uploads\/2019\/05\/logo-greenexport-barbara-belvito-completo-orizzontale_2.png","width":1250,"height":280,"caption":"Green Export di Barbara Belvito"},"image":{"@id":"https:\/\/www.mygreenexport.com\/es\/#\/schema\/logo\/image\/"},"sameAs":["https:\/\/www.facebook.com\/greenexport.barbarabelvito\/","https:\/\/www.instagram.com\/barbarab_greenexport"]}]}},"_links":{"self":[{"href":"https:\/\/www.mygreenexport.com\/es\/wp-json\/wp\/v2\/pages\/1989"}],"collection":[{"href":"https:\/\/www.mygreenexport.com\/es\/wp-json\/wp\/v2\/pages"}],"about":[{"href":"https:\/\/www.mygreenexport.com\/es\/wp-json\/wp\/v2\/types\/page"}],"author":[{"embeddable":true,"href":"https:\/\/www.mygreenexport.com\/es\/wp-json\/wp\/v2\/users\/1"}],"replies":[{"embeddable":true,"href":"https:\/\/www.mygreenexport.com\/es\/wp-json\/wp\/v2\/comments?post=1989"}],"version-history":[{"count":0,"href":"https:\/\/www.mygreenexport.com\/es\/wp-json\/wp\/v2\/pages\/1989\/revisions"}],"wp:attachment":[{"href":"https:\/\/www.mygreenexport.com\/es\/wp-json\/wp\/v2\/media?parent=1989"}],"curies":[{"name":"wp","href":"https:\/\/api.w.org\/{rel}","templated":true}]}}