{"id":2060,"date":"2019-06-02T15:15:06","date_gmt":"2019-06-02T14:15:06","guid":{"rendered":"https:\/\/www.mygreenexport.com\/about-us\/"},"modified":"2019-07-29T07:23:15","modified_gmt":"2019-07-29T06:23:15","slug":"quienes-somos","status":"publish","type":"page","link":"https:\/\/www.mygreenexport.com\/es\/quienes-somos\/","title":{"rendered":"Quienes somos"},"content":{"rendered":"<div class=\"wpb-content-wrapper\"><p>[vc_row equal_height=\u00bbyes\u00bb text_color=\u00bb__\u00bb heading_color=\u00bb__\u00bb link_color=\u00bb__\u00bb link_hover_color=\u00bb__\u00bb responsive_font_size=\u00bb0&#8243; css=\u00bb.vc_custom_1563209787852{margin-top: 0px !important;margin-bottom: 0px !important;padding-top: 0px !important;padding-bottom: 0px !important;}\u00bb][vc_column text_color=\u00bb__\u00bb heading_color=\u00bb__\u00bb link_color=\u00bb__\u00bb link_hover_color=\u00bb__\u00bb width=\u00bb1\/2&#8243; responsive_font_size=\u00bb0&#8243; css=\u00bb.vc_custom_1561455994043{margin-bottom: 0px !important;padding-bottom: 0px !important;}\u00bb][vc_gallery type=\u00bbnivo\u00bb interval=\u00bb5&#8243; images=\u00bb1892,1891,1894&#8243; img_size=\u00bbfull\u00bb css=\u00bb.vc_custom_1563209900146{padding-top: 15px !important;}\u00bb][\/vc_column][vc_column text_color=\u00bb__\u00bb heading_color=\u00bb__\u00bb link_color=\u00bb__\u00bb link_hover_color=\u00bb__\u00bb width=\u00bb1\/2&#8243; responsive_font_size=\u00bb0&#8243; css=\u00bb.vc_custom_1561991646397{margin-bottom: 0px !important;padding-right: 40px !important;padding-bottom: 0px !important;padding-left: 40px !important;}\u00bb tablet_css=\u00bb.vc_custom_1561991646398{padding-right: 10px !important;padding-left: 10px !important;}\u00bb mobile_css=\u00bb.vc_custom_1561991646398{padding-right: 10px !important;padding-left: 10px !important;}\u00bb][cartana_shortcode_heading heading_title=\u00bbOrganizaci\u00f3n inteligente vinculada a usted\u00bb heading_title_size=\u00bbcustom\u00bb heading_title_custom_size=\u00bb20&#8243; heading_title_line_height=\u00bb1&#8243; heading_text_align=\u00bbtext-center\u00bb heading_title_text_transform=\u00bbtext-uppercase\u00bb heading_text_fw=\u00bbfw-medium\u00bb heading_subtitle_enable=\u00bb0&#8243; heading_separator_enable=\u00bb0&#8243; heading_title_responsive_title_size=\u00bb0&#8243; css=\u00bb.vc_custom_1561990923545{margin-top: 20px !important;margin-bottom: 25px !important;}\u00bb][vc_text_separator title=\u00bbTe apoyamos en toda tu experiencia verde\u00bb css=\u00bb.vc_custom_1561990987852{margin-bottom: 0px !important;padding-bottom: 0px !important;}\u00bb][vc_column_text css=\u00bb.vc_custom_1564381372680{margin-top: 20px !important;margin-bottom: 28px !important;}\u00bb]<\/p>\n<div class=\"wpb_text_column wpb_content_element cr-animate-gen animation-done\" data-animate-type=\"transition.fadeIn\">\n<div class=\"wpb_wrapper\" style=\"text-align: justify;\">Una organizaci\u00f3n inteligente conectada constantemente contigo.Te apoyamos en toda tu experiencia verde. <strong>Green Export<\/strong> es una conexi\u00f3n profesional entre demanda y oferta<br \/>\nGreen Export es el resultado de una actividad incesante de expertos involucrados en diferentes empresas conectadas a diferentes Pa\u00edses.<br \/>\nGreen Export es una organizaci\u00f3n inteligente, confiable y r\u00e1pida, conectada constantemente al cliente.<br \/>\nLa empresa puede encontrar la mejor calidad y precios , siguiendo al cliente durante todo el proceso: desde el primer contacto hasta la documentaci\u00f3n necesaria para completar cada entrega. Es un \u00ablugar seguro\u00bb donde el peque\u00f1o garden center, el vivero o el paisajista pueden encontrar f\u00e1cilmente todo lo que necesitan.<\/div>\n<\/div>\n<p>[\/vc_column_text][\/vc_column][\/vc_row][vc_row equal_height=\u00bbyes\u00bb text_color=\u00bb__\u00bb heading_color=\u00bb__\u00bb link_color=\u00bb__\u00bb link_hover_color=\u00bb__\u00bb responsive_font_size=\u00bb0&#8243; css=\u00bb.vc_custom_1563209780609{margin-top: 0px !important;margin-bottom: 50px !important;padding-top: 0px !important;}\u00bb][vc_column text_color=\u00bb__\u00bb heading_color=\u00bb__\u00bb link_color=\u00bb__\u00bb link_hover_color=\u00bb__\u00bb width=\u00bb1\/2&#8243; responsive_font_size=\u00bb0&#8243; css=\u00bb.vc_custom_1561991660847{margin-top: 0px !important;padding-top: 0px !important;padding-right: 40px !important;padding-left: 40px !important;}\u00bb tablet_css=\u00bb.vc_custom_1561991660847{padding-right: 10px !important;padding-left: 10px !important;}\u00bb mobile_css=\u00bb.vc_custom_1561991660848{padding-right: 10px !important;padding-left: 10px !important;}\u00bb][cartana_shortcode_heading heading_title=\u00bbLA HISTORIA\u00bb heading_title_size=\u00bbcustom\u00bb heading_title_custom_size=\u00bb20&#8243; heading_title_line_height=\u00bb1&#8243; heading_text_align=\u00bbtext-center\u00bb heading_title_text_transform=\u00bbtext-uppercase\u00bb heading_text_fw=\u00bbfw-medium\u00bb heading_subtitle_enable=\u00bb0&#8243; heading_separator_enable=\u00bb0&#8243; heading_title_responsive_title_size=\u00bb0&#8243; css=\u00bb.vc_custom_1561991007849{margin-top: 20px !important;margin-bottom: 25px !important;}\u00bb][vc_text_separator title=\u00bbC\u00f3mo naci\u00f3 Green Export\u00bb css=\u00bb.vc_custom_1563209635281{margin-bottom: 0px !important;padding-bottom: 0px !important;}\u00bb][vc_column_text css=\u00bb.vc_custom_1564381299352{margin-top: 20px !important;margin-bottom: 28px !important;}\u00bb]<\/p>\n<div class=\"wpb_text_column wpb_content_element cr-animate-gen animation-done\" data-animate-type=\"transition.fadeIn\">\n<div class=\"wpb_wrapper\" style=\"text-align: justify;\"><strong>\u00abLa naturaleza no es un lugar para visitar, es el hogar\u00bb<\/strong><br \/>\nEs a partir de esta frase del poeta Gary Snyder, Green Export naci\u00f3 en 2015, con el intento de conectar los sonidos de la naturaleza y la calma de un manto de plantas en campo con el frenes\u00ed del comercio.<br \/>\nLa fundadora Barbara Belvito, despu\u00e9s de una serie de experiencias que la llevaron a aprender sobre las maravillas de los diferentes Pa\u00edses , sus idiomas y culturas, decidi\u00f3 no perder el v\u00ednculo con ellos.<br \/>\nTodo esto ha permitido que su pasi\u00f3n por el comercio emerja en una realidad din\u00e1mica como la de los viveros, paisajistas y garden center. La ambici\u00f3n y la curiosidad siempre han tenido el mejor permitiendo a la empresa estar presente en Europa y en otros Pa\u00edses fuera de Europa. Hoy la empresa cuenta colaboraciones con empresas importantes de Grecia, Chipre, Emiratos \u00c1rabes Unidos, Malta, Croacia,\u00a0Espa\u00f1a y muchos otros Pa\u00edses. Green Export es conexi\u00f3n, facilidad de comunicaci\u00f3n, velocidad pero tambi\u00e9n, y sobre todo, atenci\u00f3n al cliente y un ojo vigilante siempre atento para elegir la mejor calidad.<\/div>\n<\/div>\n<p>[\/vc_column_text][\/vc_column][vc_column text_color=\u00bb__\u00bb heading_color=\u00bb__\u00bb link_color=\u00bb__\u00bb link_hover_color=\u00bb__\u00bb width=\u00bb1\/2&#8243; responsive_font_size=\u00bb0&#8243; css=\u00bb.vc_custom_1561456002648{margin-top: 0px !important;padding-top: 0px !important;}\u00bb][vc_gallery type=\u00bbnivo\u00bb interval=\u00bb5&#8243; images=\u00bb2180,1893,1895,1896,2376&#8243; img_size=\u00bbfull\u00bb css=\u00bb.vc_custom_1564214784419{padding-top: 15px !important;}\u00bb][\/vc_column][\/vc_row][vc_row content_width=\u00bbfullwidth\u00bb container_width=\u00bbequal_to_content\u00bb parallax=\u00bbcontent-moving\u00bb parallax_image=\u00bb1496&#8243; parallax_speed=\u00bb1.8&#8243; overlay_set=\u00bbshow_overlay_color\u00bb overlay_color=\u00bbrgba(2,2,2,0.22)\u00bb text_color=\u00bblight\u00bb heading_color=\u00bb__\u00bb link_color=\u00bb__\u00bb link_hover_color=\u00bb__\u00bb responsive_font_size=\u00bb0&#8243; el_class=\u00bbsection-contact-us\u00bb css=\u00bb.vc_custom_1561460262411{margin-bottom: 0px !important;padding-bottom: 55px !important;background-position: center;background-repeat: no-repeat !important;background-size: cover !important;}\u00bb tablet_css=\u00bb.vc_custom_1561460262412{padding-bottom: 60px !important;}\u00bb mobile_css=\u00bb.vc_custom_1561460262412{padding-bottom: 60px !important;}\u00bb][vc_column][vc_empty_space height=\u00bb60px\u00bb el_class=\u00bb__vertical-line\u00bb][cartana_shortcode_heading heading_title=\u00bbQUIERES M\u00c1S INFORMACI\u00d3N\u00bb heading_el_tag=\u00bbh5&#8243; heading_title_size=\u00bb18&#8243; heading_text_align=\u00bbtext-center\u00bb heading_text_fw=\u00bbfw-semibold\u00bb heading_subtitle_enable=\u00bb0&#8243; heading_separator_enable=\u00bb0&#8243; heading_title_responsive_title_size=\u00bb0&#8243; css=\u00bb.vc_custom_1561991151393{margin-bottom: 5px !important;padding-top: 20px !important;}\u00bb][cartana_shortcode_heading heading_title=\u00bbCONT\u00c1CTENOS AHORA SIN COMPROMISO\u00bb heading_el_tag=\u00bbh4&#8243; heading_title_size=\u00bbcustom\u00bb heading_title_custom_size=\u00bb26&#8243; heading_text_align=\u00bbtext-center\u00bb heading_title_ff=\u00bbp-font\u00bb heading_text_fw=\u00bbfw-bold\u00bb heading_subtitle_enable=\u00bb0&#8243; heading_separator_enable=\u00bb0&#8243; heading_title_responsive_title_size=\u00bb0&#8243;][cartana_shortcode_button btn_text=\u00bbCONTACTOS\u00bb btn_link=\u00bburl:%2Fes%2Fcontactos|title:Contactos||\u00bb btn_ff=\u00bbp-font\u00bb btn_style=\u00bbbtn-style-border-2&#8243; btn_shape=\u00bbbtn-shape-rounded-2&#8243; btn_custom_size=\u00bb13px\u00bb btn_custom_width=\u00bb170px\u00bb btn_alignment=\u00bbtext-center\u00bb btn_bgc=\u00bbtransparent\u00bb btn_border_color=\u00bblight\u00bb btn_text_hover_color=\u00bb__\u00bb btn_bgc_hover_color=\u00bbp\u00bb btn_border_hover_color=\u00bbp\u00bb btn_add_icon=\u00bb0&#8243;][\/vc_column][\/vc_row]<\/p>\n<\/div>","protected":false},"excerpt":{"rendered":"<p>[vc_row equal_height=\u00bbyes\u00bb text_color=\u00bb__\u00bb heading_color=\u00bb__\u00bb link_color=\u00bb__\u00bb link_hover_color=\u00bb__\u00bb responsive_font_size=\u00bb0&#8243; css=\u00bb.vc_custom_1563209787852{margin-top: 0px !important;margin-bottom: 0px !important;padding-top: 0px !important;padding-bottom: 0px !important;}\u00bb][vc_column text_color=\u00bb__\u00bb heading_color=\u00bb__\u00bb link_color=\u00bb__\u00bb link_hover_color=\u00bb__\u00bb width=\u00bb1\/2&#8243; responsive_font_size=\u00bb0&#8243; css=\u00bb.vc_custom_1561455994043{margin-bottom: 0px !important;padding-bottom: 0px !important;}\u00bb][vc_gallery type=\u00bbnivo\u00bb interval=\u00bb5&#8243; images=\u00bb1892,1891,1894&#8243; img_size=\u00bbfull\u00bb css=\u00bb.vc_custom_1563209900146{padding-top:&#8230;<\/p>\n","protected":false},"author":1,"featured_media":0,"parent":0,"menu_order":0,"comment_status":"closed","ping_status":"closed","template":"","meta":{"footnotes":""},"yoast_head":"<!-- This site is optimized with the Yoast SEO plugin v22.0 - https:\/\/yoast.com\/wordpress\/plugins\/seo\/ -->\n<title>Quienes somos | Green Export Italy - Plants, Trees and more<\/title>\n<meta name=\"description\" content=\"Barbara Belvito found in 2015 GreenExport: a smart organization, constantly linked to you, able to find you best quality and prices plants, trees, pots.\" \/>\n<meta name=\"robots\" content=\"index, follow, max-snippet:-1, max-image-preview:large, max-video-preview:-1\" \/>\n<link rel=\"canonical\" href=\"https:\/\/www.mygreenexport.com\/es\/quienes-somos\/\" \/>\n<meta property=\"og:locale\" content=\"es_ES\" \/>\n<meta property=\"og:type\" content=\"article\" \/>\n<meta property=\"og:title\" content=\"Quienes somos | Green Export Italy - Plants, Trees and more\" \/>\n<meta property=\"og:description\" content=\"Barbara Belvito found in 2015 GreenExport: a smart organization, constantly linked to you, able to find you best quality and prices plants, trees, pots.\" \/>\n<meta property=\"og:url\" content=\"https:\/\/www.mygreenexport.com\/es\/quienes-somos\/\" \/>\n<meta property=\"og:site_name\" content=\"Green Export Italy - Plants, Trees and more\" \/>\n<meta property=\"article:publisher\" content=\"https:\/\/www.facebook.com\/greenexport.barbarabelvito\/\" \/>\n<meta property=\"article:modified_time\" content=\"2019-07-29T06:23:15+00:00\" \/>\n<meta property=\"og:image\" content=\"https:\/\/www.mygreenexport.com\/wp-content\/uploads\/2019\/07\/barbara-belvito-ceo-green-export-monopoli-italy-2.jpg\" \/>\n\t<meta property=\"og:image:width\" content=\"1900\" \/>\n\t<meta property=\"og:image:height\" content=\"1600\" \/>\n\t<meta property=\"og:image:type\" content=\"image\/jpeg\" \/>\n<meta name=\"twitter:card\" content=\"summary_large_image\" \/>\n<meta name=\"twitter:label1\" content=\"Tiempo de lectura\" \/>\n\t<meta name=\"twitter:data1\" content=\"5 minutos\" \/>\n<script type=\"application\/ld+json\" class=\"yoast-schema-graph\">{\"@context\":\"https:\/\/schema.org\",\"@graph\":[{\"@type\":\"WebPage\",\"@id\":\"https:\/\/www.mygreenexport.com\/es\/quienes-somos\/\",\"url\":\"https:\/\/www.mygreenexport.com\/es\/quienes-somos\/\",\"name\":\"Quienes somos | Green Export Italy - Plants, Trees and more\",\"isPartOf\":{\"@id\":\"https:\/\/www.mygreenexport.com\/es\/#website\"},\"datePublished\":\"2019-06-02T14:15:06+00:00\",\"dateModified\":\"2019-07-29T06:23:15+00:00\",\"description\":\"Barbara Belvito found in 2015 GreenExport: a smart organization, constantly linked to you, able to find you best quality and prices plants, trees, pots.\",\"breadcrumb\":{\"@id\":\"https:\/\/www.mygreenexport.com\/es\/quienes-somos\/#breadcrumb\"},\"inLanguage\":\"es\",\"potentialAction\":[{\"@type\":\"ReadAction\",\"target\":[\"https:\/\/www.mygreenexport.com\/es\/quienes-somos\/\"]}]},{\"@type\":\"BreadcrumbList\",\"@id\":\"https:\/\/www.mygreenexport.com\/es\/quienes-somos\/#breadcrumb\",\"itemListElement\":[{\"@type\":\"ListItem\",\"position\":1,\"name\":\"Home\",\"item\":\"https:\/\/www.mygreenexport.com\/es\/\"},{\"@type\":\"ListItem\",\"position\":2,\"name\":\"Quienes somos\"}]},{\"@type\":\"WebSite\",\"@id\":\"https:\/\/www.mygreenexport.com\/es\/#website\",\"url\":\"https:\/\/www.mygreenexport.com\/es\/\",\"name\":\"Green Export Italy - Plants, Trees and more\",\"description\":\"Export of Plants, Flowers and Trees in the world\",\"publisher\":{\"@id\":\"https:\/\/www.mygreenexport.com\/es\/#organization\"},\"potentialAction\":[{\"@type\":\"SearchAction\",\"target\":{\"@type\":\"EntryPoint\",\"urlTemplate\":\"https:\/\/www.mygreenexport.com\/es\/?s={search_term_string}\"},\"query-input\":\"required name=search_term_string\"}],\"inLanguage\":\"es\"},{\"@type\":\"Organization\",\"@id\":\"https:\/\/www.mygreenexport.com\/es\/#organization\",\"name\":\"Green Export di Barbara Belvito\",\"url\":\"https:\/\/www.mygreenexport.com\/es\/\",\"logo\":{\"@type\":\"ImageObject\",\"inLanguage\":\"es\",\"@id\":\"https:\/\/www.mygreenexport.com\/es\/#\/schema\/logo\/image\/\",\"url\":\"https:\/\/www.mygreenexport.com\/wp-content\/uploads\/2019\/05\/logo-greenexport-barbara-belvito-completo-orizzontale_2.png\",\"contentUrl\":\"https:\/\/www.mygreenexport.com\/wp-content\/uploads\/2019\/05\/logo-greenexport-barbara-belvito-completo-orizzontale_2.png\",\"width\":1250,\"height\":280,\"caption\":\"Green Export di Barbara Belvito\"},\"image\":{\"@id\":\"https:\/\/www.mygreenexport.com\/es\/#\/schema\/logo\/image\/\"},\"sameAs\":[\"https:\/\/www.facebook.com\/greenexport.barbarabelvito\/\",\"https:\/\/www.instagram.com\/barbarab_greenexport\"]}]}<\/script>\n<!-- \/ Yoast SEO plugin. -->","yoast_head_json":{"title":"Quienes somos | Green Export Italy - Plants, Trees and more","description":"Barbara Belvito found in 2015 GreenExport: a smart organization, constantly linked to you, able to find you best quality and prices plants, trees, pots.","robots":{"index":"index","follow":"follow","max-snippet":"max-snippet:-1","max-image-preview":"max-image-preview:large","max-video-preview":"max-video-preview:-1"},"canonical":"https:\/\/www.mygreenexport.com\/es\/quienes-somos\/","og_locale":"es_ES","og_type":"article","og_title":"Quienes somos | Green Export Italy - Plants, Trees and more","og_description":"Barbara Belvito found in 2015 GreenExport: a smart organization, constantly linked to you, able to find you best quality and prices plants, trees, pots.","og_url":"https:\/\/www.mygreenexport.com\/es\/quienes-somos\/","og_site_name":"Green Export Italy - Plants, Trees and more","article_publisher":"https:\/\/www.facebook.com\/greenexport.barbarabelvito\/","article_modified_time":"2019-07-29T06:23:15+00:00","og_image":[{"width":1900,"height":1600,"url":"https:\/\/www.mygreenexport.com\/wp-content\/uploads\/2019\/07\/barbara-belvito-ceo-green-export-monopoli-italy-2.jpg","type":"image\/jpeg"}],"twitter_card":"summary_large_image","twitter_misc":{"Tiempo de lectura":"5 minutos"},"schema":{"@context":"https:\/\/schema.org","@graph":[{"@type":"WebPage","@id":"https:\/\/www.mygreenexport.com\/es\/quienes-somos\/","url":"https:\/\/www.mygreenexport.com\/es\/quienes-somos\/","name":"Quienes somos | Green Export Italy - Plants, Trees and more","isPartOf":{"@id":"https:\/\/www.mygreenexport.com\/es\/#website"},"datePublished":"2019-06-02T14:15:06+00:00","dateModified":"2019-07-29T06:23:15+00:00","description":"Barbara Belvito found in 2015 GreenExport: a smart organization, constantly linked to you, able to find you best quality and prices plants, trees, pots.","breadcrumb":{"@id":"https:\/\/www.mygreenexport.com\/es\/quienes-somos\/#breadcrumb"},"inLanguage":"es","potentialAction":[{"@type":"ReadAction","target":["https:\/\/www.mygreenexport.com\/es\/quienes-somos\/"]}]},{"@type":"BreadcrumbList","@id":"https:\/\/www.mygreenexport.com\/es\/quienes-somos\/#breadcrumb","itemListElement":[{"@type":"ListItem","position":1,"name":"Home","item":"https:\/\/www.mygreenexport.com\/es\/"},{"@type":"ListItem","position":2,"name":"Quienes somos"}]},{"@type":"WebSite","@id":"https:\/\/www.mygreenexport.com\/es\/#website","url":"https:\/\/www.mygreenexport.com\/es\/","name":"Green Export Italy - Plants, Trees and more","description":"Export of Plants, Flowers and Trees in the world","publisher":{"@id":"https:\/\/www.mygreenexport.com\/es\/#organization"},"potentialAction":[{"@type":"SearchAction","target":{"@type":"EntryPoint","urlTemplate":"https:\/\/www.mygreenexport.com\/es\/?s={search_term_string}"},"query-input":"required name=search_term_string"}],"inLanguage":"es"},{"@type":"Organization","@id":"https:\/\/www.mygreenexport.com\/es\/#organization","name":"Green Export di Barbara Belvito","url":"https:\/\/www.mygreenexport.com\/es\/","logo":{"@type":"ImageObject","inLanguage":"es","@id":"https:\/\/www.mygreenexport.com\/es\/#\/schema\/logo\/image\/","url":"https:\/\/www.mygreenexport.com\/wp-content\/uploads\/2019\/05\/logo-greenexport-barbara-belvito-completo-orizzontale_2.png","contentUrl":"https:\/\/www.mygreenexport.com\/wp-content\/uploads\/2019\/05\/logo-greenexport-barbara-belvito-completo-orizzontale_2.png","width":1250,"height":280,"caption":"Green Export di Barbara Belvito"},"image":{"@id":"https:\/\/www.mygreenexport.com\/es\/#\/schema\/logo\/image\/"},"sameAs":["https:\/\/www.facebook.com\/greenexport.barbarabelvito\/","https:\/\/www.instagram.com\/barbarab_greenexport"]}]}},"_links":{"self":[{"href":"https:\/\/www.mygreenexport.com\/es\/wp-json\/wp\/v2\/pages\/2060"}],"collection":[{"href":"https:\/\/www.mygreenexport.com\/es\/wp-json\/wp\/v2\/pages"}],"about":[{"href":"https:\/\/www.mygreenexport.com\/es\/wp-json\/wp\/v2\/types\/page"}],"author":[{"embeddable":true,"href":"https:\/\/www.mygreenexport.com\/es\/wp-json\/wp\/v2\/users\/1"}],"replies":[{"embeddable":true,"href":"https:\/\/www.mygreenexport.com\/es\/wp-json\/wp\/v2\/comments?post=2060"}],"version-history":[{"count":2,"href":"https:\/\/www.mygreenexport.com\/es\/wp-json\/wp\/v2\/pages\/2060\/revisions"}],"predecessor-version":[{"id":2439,"href":"https:\/\/www.mygreenexport.com\/es\/wp-json\/wp\/v2\/pages\/2060\/revisions\/2439"}],"wp:attachment":[{"href":"https:\/\/www.mygreenexport.com\/es\/wp-json\/wp\/v2\/media?parent=2060"}],"curies":[{"name":"wp","href":"https:\/\/api.w.org\/{rel}","templated":true}]}}