{"id":2079,"date":"2019-05-13T15:19:41","date_gmt":"2019-05-13T14:19:41","guid":{"rendered":"https:\/\/www.mygreenexport.com\/sleeves\/"},"modified":"2019-10-30T17:15:37","modified_gmt":"2019-10-30T16:15:37","slug":"bolsas-conicas","status":"publish","type":"page","link":"https:\/\/www.mygreenexport.com\/es\/bolsas-conicas\/","title":{"rendered":"Bolsas c\u00f3nicas"},"content":{"rendered":"<div class=\"wpb-content-wrapper\"><p>[vc_row equal_height=\u00bbyes\u00bb text_color=\u00bb__\u00bb heading_color=\u00bb__\u00bb link_color=\u00bb__\u00bb link_hover_color=\u00bb__\u00bb responsive_font_size=\u00bb0&#8243; css=\u00bb.vc_custom_1562231780567{margin-top: 10px !important;padding-bottom: 70px !important;}\u00bb][vc_column width=\u00bb1\/2&#8243;][vc_images_carousel images=\u00bb1864,1866,1867,1869,1870,1899,1900,1901,1902,1903,1904,1905,1906,1907,1908,1909,1910&#8243; img_size=\u00bbfull\u00bb onclick=\u00bblink_no\u00bb autoplay=\u00bbyes\u00bb wrap=\u00bbyes\u00bb][\/vc_column][vc_column text_color=\u00bb__\u00bb heading_color=\u00bb__\u00bb link_color=\u00bb__\u00bb link_hover_color=\u00bb__\u00bb width=\u00bb1\/2&#8243; responsive_font_size=\u00bb0&#8243; css=\u00bb.vc_custom_1561974095430{padding-right: 50px !important;padding-left: 50px !important;background-color: #f4f4f4 !important;}\u00bb tablet_css=\u00bb.vc_custom_1561974095430{padding-right: 10px !important;padding-left: 10px !important;}\u00bb mobile_css=\u00bb.vc_custom_1561974095431{padding-right: 10px !important;padding-left: 10px !important;}\u00bb][cartana_shortcode_heading heading_title=\u00bbENRIQUECER Y PERSONALIZAR\u00bb heading_title_size=\u00bb24&#8243; heading_text_align=\u00bbtext-center\u00bb heading_subtitle_enable=\u00bb0&#8243; heading_separator_enable=\u00bb1&#8243; heading_title_responsive_title_size=\u00bb0&#8243; css=\u00bb.vc_custom_1561999895901{margin-top: 30px !important;}\u00bb][vc_column_text]<\/p>\n<div class=\"wpb_text_column wpb_content_element \">\n<div class=\"wpb_wrapper\" style=\"text-align: justify;\">\n<p>Bolsas c\u00f3nicas de pl\u00e1stico se producen para enriquecer la belleza de las plantas y los vegetales en todas las temporadas y facilitar la venta de productos. Adem\u00e1s, el material resistente utilizado protege las plantas durante el transporte a sus clientes.Las dimensiones, el material y el dise\u00f1o se pueden personalizar seg\u00fan las caracter\u00edsticas de la empresa logo o aniversario especial (d\u00eda de San Valent\u00edn, d\u00eda de la madre, etc.)<\/p>\n<p>Nuestras variedades \u00fanicas de bolsas c\u00f3nicas pueden adornar Poinsettia, Ornithogalum, Chrysanthemum, Dipladenia, Begonia y muchas otras variedades.<\/p>\n<p style=\"text-align: justify;\"><strong><em>Tambi\u00e9n puede pedir material para cortar flores y frutas \/ verduras (pomelo, zanahorias, papas, etc.). Los productos ser\u00e1n producidos solamente por orden.<\/em><\/strong><\/p>\n<\/div>\n<\/div>\n<p>[\/vc_column_text][\/vc_column][\/vc_row][vc_row parallax=\u00bbcontent-moving\u00bb parallax_image=\u00bb1496&#8243; overlay_set=\u00bbshow_overlay_color\u00bb overlay_color=\u00bbrgba(2,2,2,0.22)\u00bb text_color=\u00bblight\u00bb heading_color=\u00bb__\u00bb link_color=\u00bb__\u00bb link_hover_color=\u00bb__\u00bb responsive_font_size=\u00bb0&#8243; el_class=\u00bbsection-contact-us\u00bb css=\u00bb.vc_custom_1561460189948{margin-bottom: 0px !important;padding-bottom: 55px !important;background-color: #147a4a !important;background-position: center;background-repeat: no-repeat !important;background-size: cover !important;}\u00bb tablet_css=\u00bb.vc_custom_1561460189949{padding-bottom: 60px !important;}\u00bb mobile_css=\u00bb.vc_custom_1561460189949{padding-bottom: 60px !important;}\u00bb][vc_column][vc_empty_space height=\u00bb60px\u00bb el_class=\u00bb__vertical-line\u00bb][cartana_shortcode_heading heading_title=\u00bbQUIERES M\u00c1S INFORMACI\u00d3N\u00bb heading_el_tag=\u00bbh5&#8243; heading_title_size=\u00bb18&#8243; heading_text_align=\u00bbtext-center\u00bb heading_text_fw=\u00bbfw-semibold\u00bb heading_subtitle_enable=\u00bb0&#8243; heading_separator_enable=\u00bb0&#8243; heading_title_responsive_title_size=\u00bb0&#8243; css=\u00bb.vc_custom_1561992553044{margin-bottom: 5px !important;padding-top: 20px !important;}\u00bb][cartana_shortcode_heading heading_title=\u00bbCONT\u00c1CTENOS AHORA SIN COMPROMISO\u00bb heading_el_tag=\u00bbh4&#8243; heading_title_size=\u00bbcustom\u00bb heading_title_custom_size=\u00bb26&#8243; heading_text_align=\u00bbtext-center\u00bb heading_title_ff=\u00bbp-font\u00bb heading_text_fw=\u00bbfw-bold\u00bb heading_subtitle_enable=\u00bb0&#8243; heading_separator_enable=\u00bb0&#8243; heading_title_responsive_title_size=\u00bb0&#8243;][cartana_shortcode_button btn_text=\u00bbCONTACTOS\u00bb btn_link=\u00bburl:%2Fes%2Fcontactos|title:Contactos||\u00bb btn_ff=\u00bbp-font\u00bb btn_style=\u00bbbtn-style-border-2&#8243; btn_shape=\u00bbbtn-shape-rounded-2&#8243; btn_custom_size=\u00bb13px\u00bb btn_custom_width=\u00bb170px\u00bb btn_alignment=\u00bbtext-center\u00bb btn_bgc=\u00bbtransparent\u00bb btn_border_color=\u00bblight\u00bb btn_text_hover_color=\u00bb__\u00bb btn_bgc_hover_color=\u00bbp\u00bb btn_border_hover_color=\u00bbp\u00bb btn_add_icon=\u00bb0&#8243;][\/vc_column][\/vc_row][vc_row text_color=\u00bb__\u00bb heading_color=\u00bb__\u00bb link_color=\u00bb__\u00bb link_hover_color=\u00bb__\u00bb responsive_font_size=\u00bb0&#8243; css=\u00bb.vc_custom_1572452022502{margin-top: 80px !important;margin-bottom: 60px !important;}\u00bb][vc_column][vc_custom_heading text=\u00bbPublicaciones relacionadas\u00bb font_container=\u00bbtag:h2|text_align:left|color:%23303030&#8243; use_theme_fonts=\u00bbyes\u00bb][vc_basic_grid post_type=\u00bbpost\u00bb max_items=\u00bb10&#8243; style=\u00bbslider\u00bb element_width=\u00bb3&#8243; special_item=\u00bb%5B%7B%22index%22%3A%222%22%2C%22element_width%22%3A%224%22%2C%22item%22%3A%22cartanaPostListing_VerticalStyle01%22%7D%5D\u00bb paging_design=\u00bbnone\u00bb grid_id=\u00bbvc_gid:1572452070389-ca793064-2516-8&#8243; taxonomies=\u00bb105&#8243;][\/vc_column][\/vc_row]<\/p>\n<\/div>","protected":false},"excerpt":{"rendered":"<p>[vc_row equal_height=\u00bbyes\u00bb text_color=\u00bb__\u00bb heading_color=\u00bb__\u00bb link_color=\u00bb__\u00bb link_hover_color=\u00bb__\u00bb responsive_font_size=\u00bb0&#8243; css=\u00bb.vc_custom_1562231780567{margin-top: 10px !important;padding-bottom: 70px !important;}\u00bb][vc_column width=\u00bb1\/2&#8243;][vc_images_carousel images=\u00bb1864,1866,1867,1869,1870,1899,1900,1901,1902,1903,1904,1905,1906,1907,1908,1909,1910&#8243; img_size=\u00bbfull\u00bb onclick=\u00bblink_no\u00bb autoplay=\u00bbyes\u00bb wrap=\u00bbyes\u00bb][\/vc_column][vc_column text_color=\u00bb__\u00bb heading_color=\u00bb__\u00bb link_color=\u00bb__\u00bb link_hover_color=\u00bb__\u00bb width=\u00bb1\/2&#8243; responsive_font_size=\u00bb0&#8243; css=\u00bb.vc_custom_1561974095430{padding-right: 50px !important;padding-left: 50px !important;background-color: #f4f4f4 !important;}\u00bb tablet_css=\u00bb.vc_custom_1561974095430{padding-right:&#8230;<\/p>\n","protected":false},"author":1,"featured_media":0,"parent":0,"menu_order":0,"comment_status":"closed","ping_status":"closed","template":"","meta":{"footnotes":""},"yoast_head":"<!-- This site is optimized with the Yoast SEO plugin v22.0 - https:\/\/yoast.com\/wordpress\/plugins\/seo\/ -->\n<title>Bolsas c\u00f3nicas | Green Export Italy - Plants, Trees and more<\/title>\n<meta name=\"robots\" content=\"index, follow, max-snippet:-1, max-image-preview:large, max-video-preview:-1\" \/>\n<link rel=\"canonical\" href=\"https:\/\/www.mygreenexport.com\/es\/bolsas-conicas\/\" \/>\n<meta property=\"og:locale\" content=\"es_ES\" \/>\n<meta property=\"og:type\" content=\"article\" \/>\n<meta property=\"og:title\" content=\"Bolsas c\u00f3nicas | Green Export Italy - Plants, Trees and more\" \/>\n<meta property=\"og:description\" content=\"[vc_row equal_height=\u00bbyes\u00bb text_color=\u00bb__\u00bb heading_color=\u00bb__\u00bb link_color=\u00bb__\u00bb link_hover_color=\u00bb__\u00bb responsive_font_size=\u00bb0&#8243; css=\u00bb.vc_custom_1562231780567{margin-top: 10px !important;padding-bottom: 70px !important;}\u00bb][vc_column width=\u00bb1\/2&#8243;][vc_images_carousel images=\u00bb1864,1866,1867,1869,1870,1899,1900,1901,1902,1903,1904,1905,1906,1907,1908,1909,1910&#8243; img_size=\u00bbfull\u00bb onclick=\u00bblink_no\u00bb autoplay=\u00bbyes\u00bb wrap=\u00bbyes\u00bb][\/vc_column][vc_column text_color=\u00bb__\u00bb heading_color=\u00bb__\u00bb link_color=\u00bb__\u00bb link_hover_color=\u00bb__\u00bb width=\u00bb1\/2&#8243; responsive_font_size=\u00bb0&#8243; css=\u00bb.vc_custom_1561974095430{padding-right: 50px !important;padding-left: 50px !important;background-color: #f4f4f4 !important;}\u00bb tablet_css=\u00bb.vc_custom_1561974095430{padding-right:...\" \/>\n<meta property=\"og:url\" content=\"https:\/\/www.mygreenexport.com\/es\/bolsas-conicas\/\" \/>\n<meta property=\"og:site_name\" content=\"Green Export Italy - Plants, Trees and more\" \/>\n<meta property=\"article:publisher\" content=\"https:\/\/www.facebook.com\/greenexport.barbarabelvito\/\" \/>\n<meta property=\"article:modified_time\" content=\"2019-10-30T16:15:37+00:00\" \/>\n<meta property=\"og:image\" content=\"https:\/\/www.mygreenexport.com\/wp-content\/uploads\/2019\/07\/barbara-belvito-ceo-green-export-monopoli-italy-2.jpg\" \/>\n\t<meta property=\"og:image:width\" content=\"1900\" \/>\n\t<meta property=\"og:image:height\" content=\"1600\" \/>\n\t<meta property=\"og:image:type\" content=\"image\/jpeg\" \/>\n<meta name=\"twitter:card\" content=\"summary_large_image\" \/>\n<meta name=\"twitter:label1\" content=\"Tiempo de lectura\" \/>\n\t<meta name=\"twitter:data1\" content=\"3 minutos\" \/>\n<script type=\"application\/ld+json\" class=\"yoast-schema-graph\">{\"@context\":\"https:\/\/schema.org\",\"@graph\":[{\"@type\":\"WebPage\",\"@id\":\"https:\/\/www.mygreenexport.com\/es\/bolsas-conicas\/\",\"url\":\"https:\/\/www.mygreenexport.com\/es\/bolsas-conicas\/\",\"name\":\"Bolsas c\u00f3nicas | Green Export Italy - Plants, Trees and more\",\"isPartOf\":{\"@id\":\"https:\/\/www.mygreenexport.com\/es\/#website\"},\"datePublished\":\"2019-05-13T14:19:41+00:00\",\"dateModified\":\"2019-10-30T16:15:37+00:00\",\"breadcrumb\":{\"@id\":\"https:\/\/www.mygreenexport.com\/es\/bolsas-conicas\/#breadcrumb\"},\"inLanguage\":\"es\",\"potentialAction\":[{\"@type\":\"ReadAction\",\"target\":[\"https:\/\/www.mygreenexport.com\/es\/bolsas-conicas\/\"]}]},{\"@type\":\"BreadcrumbList\",\"@id\":\"https:\/\/www.mygreenexport.com\/es\/bolsas-conicas\/#breadcrumb\",\"itemListElement\":[{\"@type\":\"ListItem\",\"position\":1,\"name\":\"Home\",\"item\":\"https:\/\/www.mygreenexport.com\/es\/\"},{\"@type\":\"ListItem\",\"position\":2,\"name\":\"Bolsas c\u00f3nicas\"}]},{\"@type\":\"WebSite\",\"@id\":\"https:\/\/www.mygreenexport.com\/es\/#website\",\"url\":\"https:\/\/www.mygreenexport.com\/es\/\",\"name\":\"Green Export Italy - Plants, Trees and more\",\"description\":\"Export of Plants, Flowers and Trees in the world\",\"publisher\":{\"@id\":\"https:\/\/www.mygreenexport.com\/es\/#organization\"},\"potentialAction\":[{\"@type\":\"SearchAction\",\"target\":{\"@type\":\"EntryPoint\",\"urlTemplate\":\"https:\/\/www.mygreenexport.com\/es\/?s={search_term_string}\"},\"query-input\":\"required name=search_term_string\"}],\"inLanguage\":\"es\"},{\"@type\":\"Organization\",\"@id\":\"https:\/\/www.mygreenexport.com\/es\/#organization\",\"name\":\"Green Export di Barbara Belvito\",\"url\":\"https:\/\/www.mygreenexport.com\/es\/\",\"logo\":{\"@type\":\"ImageObject\",\"inLanguage\":\"es\",\"@id\":\"https:\/\/www.mygreenexport.com\/es\/#\/schema\/logo\/image\/\",\"url\":\"https:\/\/www.mygreenexport.com\/wp-content\/uploads\/2019\/05\/logo-greenexport-barbara-belvito-completo-orizzontale_2.png\",\"contentUrl\":\"https:\/\/www.mygreenexport.com\/wp-content\/uploads\/2019\/05\/logo-greenexport-barbara-belvito-completo-orizzontale_2.png\",\"width\":1250,\"height\":280,\"caption\":\"Green Export di Barbara Belvito\"},\"image\":{\"@id\":\"https:\/\/www.mygreenexport.com\/es\/#\/schema\/logo\/image\/\"},\"sameAs\":[\"https:\/\/www.facebook.com\/greenexport.barbarabelvito\/\",\"https:\/\/www.instagram.com\/barbarab_greenexport\"]}]}<\/script>\n<!-- \/ Yoast SEO plugin. -->","yoast_head_json":{"title":"Bolsas c\u00f3nicas | Green Export Italy - Plants, Trees and more","robots":{"index":"index","follow":"follow","max-snippet":"max-snippet:-1","max-image-preview":"max-image-preview:large","max-video-preview":"max-video-preview:-1"},"canonical":"https:\/\/www.mygreenexport.com\/es\/bolsas-conicas\/","og_locale":"es_ES","og_type":"article","og_title":"Bolsas c\u00f3nicas | Green Export Italy - Plants, Trees and more","og_description":"[vc_row equal_height=\u00bbyes\u00bb text_color=\u00bb__\u00bb heading_color=\u00bb__\u00bb link_color=\u00bb__\u00bb link_hover_color=\u00bb__\u00bb responsive_font_size=\u00bb0&#8243; css=\u00bb.vc_custom_1562231780567{margin-top: 10px !important;padding-bottom: 70px !important;}\u00bb][vc_column width=\u00bb1\/2&#8243;][vc_images_carousel images=\u00bb1864,1866,1867,1869,1870,1899,1900,1901,1902,1903,1904,1905,1906,1907,1908,1909,1910&#8243; img_size=\u00bbfull\u00bb onclick=\u00bblink_no\u00bb autoplay=\u00bbyes\u00bb wrap=\u00bbyes\u00bb][\/vc_column][vc_column text_color=\u00bb__\u00bb heading_color=\u00bb__\u00bb link_color=\u00bb__\u00bb link_hover_color=\u00bb__\u00bb width=\u00bb1\/2&#8243; responsive_font_size=\u00bb0&#8243; css=\u00bb.vc_custom_1561974095430{padding-right: 50px !important;padding-left: 50px !important;background-color: #f4f4f4 !important;}\u00bb tablet_css=\u00bb.vc_custom_1561974095430{padding-right:...","og_url":"https:\/\/www.mygreenexport.com\/es\/bolsas-conicas\/","og_site_name":"Green Export Italy - Plants, Trees and more","article_publisher":"https:\/\/www.facebook.com\/greenexport.barbarabelvito\/","article_modified_time":"2019-10-30T16:15:37+00:00","og_image":[{"width":1900,"height":1600,"url":"https:\/\/www.mygreenexport.com\/wp-content\/uploads\/2019\/07\/barbara-belvito-ceo-green-export-monopoli-italy-2.jpg","type":"image\/jpeg"}],"twitter_card":"summary_large_image","twitter_misc":{"Tiempo de lectura":"3 minutos"},"schema":{"@context":"https:\/\/schema.org","@graph":[{"@type":"WebPage","@id":"https:\/\/www.mygreenexport.com\/es\/bolsas-conicas\/","url":"https:\/\/www.mygreenexport.com\/es\/bolsas-conicas\/","name":"Bolsas c\u00f3nicas | Green Export Italy - Plants, Trees and more","isPartOf":{"@id":"https:\/\/www.mygreenexport.com\/es\/#website"},"datePublished":"2019-05-13T14:19:41+00:00","dateModified":"2019-10-30T16:15:37+00:00","breadcrumb":{"@id":"https:\/\/www.mygreenexport.com\/es\/bolsas-conicas\/#breadcrumb"},"inLanguage":"es","potentialAction":[{"@type":"ReadAction","target":["https:\/\/www.mygreenexport.com\/es\/bolsas-conicas\/"]}]},{"@type":"BreadcrumbList","@id":"https:\/\/www.mygreenexport.com\/es\/bolsas-conicas\/#breadcrumb","itemListElement":[{"@type":"ListItem","position":1,"name":"Home","item":"https:\/\/www.mygreenexport.com\/es\/"},{"@type":"ListItem","position":2,"name":"Bolsas c\u00f3nicas"}]},{"@type":"WebSite","@id":"https:\/\/www.mygreenexport.com\/es\/#website","url":"https:\/\/www.mygreenexport.com\/es\/","name":"Green Export Italy - Plants, Trees and more","description":"Export of Plants, Flowers and Trees in the world","publisher":{"@id":"https:\/\/www.mygreenexport.com\/es\/#organization"},"potentialAction":[{"@type":"SearchAction","target":{"@type":"EntryPoint","urlTemplate":"https:\/\/www.mygreenexport.com\/es\/?s={search_term_string}"},"query-input":"required name=search_term_string"}],"inLanguage":"es"},{"@type":"Organization","@id":"https:\/\/www.mygreenexport.com\/es\/#organization","name":"Green Export di Barbara Belvito","url":"https:\/\/www.mygreenexport.com\/es\/","logo":{"@type":"ImageObject","inLanguage":"es","@id":"https:\/\/www.mygreenexport.com\/es\/#\/schema\/logo\/image\/","url":"https:\/\/www.mygreenexport.com\/wp-content\/uploads\/2019\/05\/logo-greenexport-barbara-belvito-completo-orizzontale_2.png","contentUrl":"https:\/\/www.mygreenexport.com\/wp-content\/uploads\/2019\/05\/logo-greenexport-barbara-belvito-completo-orizzontale_2.png","width":1250,"height":280,"caption":"Green Export di Barbara Belvito"},"image":{"@id":"https:\/\/www.mygreenexport.com\/es\/#\/schema\/logo\/image\/"},"sameAs":["https:\/\/www.facebook.com\/greenexport.barbarabelvito\/","https:\/\/www.instagram.com\/barbarab_greenexport"]}]}},"_links":{"self":[{"href":"https:\/\/www.mygreenexport.com\/es\/wp-json\/wp\/v2\/pages\/2079"}],"collection":[{"href":"https:\/\/www.mygreenexport.com\/es\/wp-json\/wp\/v2\/pages"}],"about":[{"href":"https:\/\/www.mygreenexport.com\/es\/wp-json\/wp\/v2\/types\/page"}],"author":[{"embeddable":true,"href":"https:\/\/www.mygreenexport.com\/es\/wp-json\/wp\/v2\/users\/1"}],"replies":[{"embeddable":true,"href":"https:\/\/www.mygreenexport.com\/es\/wp-json\/wp\/v2\/comments?post=2079"}],"version-history":[{"count":2,"href":"https:\/\/www.mygreenexport.com\/es\/wp-json\/wp\/v2\/pages\/2079\/revisions"}],"predecessor-version":[{"id":2658,"href":"https:\/\/www.mygreenexport.com\/es\/wp-json\/wp\/v2\/pages\/2079\/revisions\/2658"}],"wp:attachment":[{"href":"https:\/\/www.mygreenexport.com\/es\/wp-json\/wp\/v2\/media?parent=2079"}],"curies":[{"name":"wp","href":"https:\/\/api.w.org\/{rel}","templated":true}]}}